{"id":243,"date":"2019-08-09T14:31:01","date_gmt":"2019-08-09T12:31:01","guid":{"rendered":"https:\/\/test.deboosters.nl\/?page_id=243"},"modified":"2024-12-07T16:29:57","modified_gmt":"2024-12-07T15:29:57","slug":"register","status":"publish","type":"page","link":"https:\/\/previous.deboosters.nl\/en\/register\/","title":{"rendered":"Register"},"content":{"rendered":"<div class=\"um um-register um-73\">\n\t<div class=\"um-form\" data-mode=\"register\">\n\t\t<form method=\"post\" action=\"\" data-trp-original-action=\"\">\n\t\t\t<div class=\"um-row _um_row_1\" style=\"margin: 0 0 30px 0;\"><div class=\"um-col-1\"><div  id=\"um_field_73_user_login\" class=\"um-field um-field-text  um-field-user_login um-field-text um-field-type_text\" data-key=\"user_login\"><div class=\"um-field-label\"><label for=\"user_login-73\">Gebruikersnaam<span class=\"um-req\" title=\"Required\">*<\/span><\/label><div class=\"um-clear\"><\/div><\/div><div class=\"um-field-area\"><input  autocomplete=\"off\" class=\"um-form-field valid\" type=\"text\" name=\"user_login-73\" id=\"user_login-73\" value=\"\" placeholder=\"\" data-validate=\"unique_username\" data-key=\"user_login\"  aria-invalid=\"false\" \/>\n\n\t\t\t\t\t\t<\/div><\/div><div  class=\"um-field um-field-divider  um-field-divider um-field-type_divider\" data-key=\"um_divider_73_20\" style=\"border-bottom:4px solid #eeeeee;\"><\/div><div  id=\"um_field_73_user_password\" class=\"um-field um-field-password  um-field-user_password um-field-password um-field-type_password\" data-key=\"user_password\"><div class=\"um-field-label\"><label for=\"user_password-73\">Wachtwoord<span class=\"um-req\" title=\"Required\">*<\/span><\/label><span class=\"um-tip um-tip-w\" title=\"Het wachtwoord moet tenminste 8 karakters lang zijn, \u00e9\u00e9n kleine letter, \u00e9\u00e9n hoofdletter en een cijfer bevatten.\"><i class=\"um-icon-help-circled\"><\/i><\/span><div class=\"um-clear\"><\/div><\/div><div class=\"um-field-area\"><input class=\"um-form-field valid\" type=\"password\" name=\"user_password-73\" id=\"user_password-73\" value=\"\" placeholder=\"\" data-validate=\"\" data-key=\"user_password\"  aria-invalid=\"false\" \/>\n\n\t\t\t\t\t\t\t<\/div><\/div><div  id=\"um_field_73_confirm_user_password\" class=\"um-field um-field-password  um-field-user_password um-field-password um-field-type_password\" data-key=\"confirm_user_password\"><div class=\"um-field-label\"><label for=\"confirm_user_password-73\">Confirm Wachtwoord<span class=\"um-req\" title=\"Required\">*<\/span><\/label><div class=\"um-clear\"><\/div><\/div><div class=\"um-field-area\"><input class=\"um-form-field valid\" type=\"password\" name=\"confirm_user_password-73\" id=\"confirm_user_password-73\" value=\"\" placeholder=\"Confirm Wachtwoord\" data-validate=\"\" data-key=\"confirm_user_password\"  aria-invalid=\"false\" \/><\/div><\/div><div  id=\"um_field_73_first_name\" class=\"um-field um-field-text  um-field-first_name um-field-text um-field-type_text\" data-key=\"first_name\"><div class=\"um-field-label\"><label for=\"first_name-73\">Voornaam<span class=\"um-req\" title=\"Required\">*<\/span><\/label><div class=\"um-clear\"><\/div><\/div><div class=\"um-field-area\"><input  autocomplete=\"off\" class=\"um-form-field valid\" type=\"text\" name=\"first_name-73\" id=\"first_name-73\" value=\"\" placeholder=\"\" data-validate=\"\" data-key=\"first_name\"  aria-invalid=\"false\" \/>\n\n\t\t\t\t\t\t<\/div><\/div><div  id=\"um_field_73_last_name\" class=\"um-field um-field-text  um-field-last_name um-field-text um-field-type_text\" data-key=\"last_name\"><div class=\"um-field-label\"><label for=\"last_name-73\">Achternaam<span class=\"um-req\" title=\"Required\">*<\/span><\/label><div class=\"um-clear\"><\/div><\/div><div class=\"um-field-area\"><input  autocomplete=\"off\" class=\"um-form-field valid\" type=\"text\" name=\"last_name-73\" id=\"last_name-73\" value=\"\" placeholder=\"\" data-validate=\"\" data-key=\"last_name\"  aria-invalid=\"false\" \/>\n\n\t\t\t\t\t\t<\/div><\/div><div  id=\"um_field_73_birth_date\" class=\"um-field um-field-date  um-field-birth_date um-field-date um-field-type_date\" data-key=\"birth_date\"><div class=\"um-field-label\"><div class=\"um-field-label-icon\"><i class=\"um-faicon-calendar\" aria-label=\"Geboortedatum\"><\/i><\/div><label for=\"birth_date-73\">Geboortedatum<span class=\"um-req\" title=\"Required\">*<\/span><\/label><div class=\"um-clear\"><\/div><\/div><div class=\"um-field-area\"><input   class=\"um-form-field valid um-datepicker\" type=\"text\" name=\"birth_date-73\" id=\"birth_date-73\" value=\"\" placeholder=\"\" data-validate=\"\" data-key=\"birth_date\" data-range=\"years\" data-years=\"115\" data-years_x=\"past\" data-disabled_weekdays=\"\" data-date_min=\"1911,5,14\" data-date_max=\"2026,5,14\" data-format=\"d mmm yyyy\" data-value=\"\"  aria-invalid=\"false\" \/>\n\n\t\t\t\t\t\t<\/div><\/div><div  id=\"um_field_73_user_email\" class=\"um-field um-field-text  um-field-user_email um-field-text um-field-type_text\" data-key=\"user_email\"><div class=\"um-field-label\"><label for=\"user_email-73\">E-mail<span class=\"um-req\" title=\"Required\">*<\/span><\/label><div class=\"um-clear\"><\/div><\/div><div class=\"um-field-area\"><input  autocomplete=\"off\" class=\"um-form-field valid\" type=\"text\" name=\"user_email-73\" id=\"user_email-73\" value=\"\" placeholder=\"\" data-validate=\"unique_email\" data-key=\"user_email\"  aria-invalid=\"false\" \/>\n\n\t\t\t\t\t\t<\/div><\/div><div  id=\"um_field_73_mobile_number\" class=\"um-field um-field-tel  um-field-mobile_number um-field-tel um-field-type_tel\" data-key=\"mobile_number\"><div class=\"um-field-label\"><div class=\"um-field-label-icon\"><i class=\"um-faicon-mobile\" aria-label=\"Telefoonnummer\"><\/i><\/div><label for=\"mobile_number-73\">Telefoonnummer<span class=\"um-req\" title=\"Required\">*<\/span><\/label><div class=\"um-clear\"><\/div><\/div><div class=\"um-field-area\"><input  autocomplete=\"off\" class=\"um-form-field valid\" type=\"tel\" name=\"mobile_number-73\" id=\"mobile_number-73\" value=\"\" placeholder=\"\" data-validate=\"phone_number\" data-key=\"mobile_number\"  aria-invalid=\"false\" \/>\n\n\t\t\t\t\t\t<\/div><\/div><div  class=\"um-field um-field-divider  um-field-divider um-field-type_divider\" data-key=\"um_divider_73_21\" style=\"border-bottom:4px solid #eeeeee;\"><\/div><div  id=\"um_field_73_user_level\" class=\"um-field um-field-select  um-field-user_level um-field-select um-field-type_select\" data-key=\"user_level\"><div class=\"um-field-label\"><label for=\"user_level-73\">Squash Niveau<span class=\"um-req\" title=\"Required\">*<\/span><\/label><span class=\"um-tip um-tip-w\" title=\"Vul hier je squash niveau in binnen de club. E (beginner) tot A (gevorderd). Gok, of speel met andere mensen als je niet zeker bent.\"><i class=\"um-icon-help-circled\"><\/i><\/span><div class=\"um-clear\"><\/div><\/div><div class=\"um-field-area\"><select data-default=\"\"     name=\"user_level\" id=\"user_level\" data-validate=\"\" data-key=\"user_level\" class=\"um-form-field valid um-s1\" style=\"width: 100%\" data-placeholder=\"E, D, C, B, A\"   aria-invalid=\"false\" ><option value=\"\"><\/option><option value=\"E\" >E<\/option><option value=\"D\" >D<\/option><option value=\"C\" >C<\/option><option value=\"B\" >B<\/option><option value=\"A\" >A<\/option><\/select><\/div><\/div><div  id=\"um_field_73_membership_type\" class=\"um-field um-field-select  um-field-membership_type um-field-select um-field-type_select\" data-key=\"membership_type\"><div class=\"um-field-label\"><label for=\"membership_type-73\">Type lidmaatschap<span class=\"um-req\" title=\"Required\">*<\/span><\/label><div class=\"um-clear\"><\/div><\/div><div class=\"um-field-area\"><select data-default=\"\"     name=\"membership_type\" id=\"membership_type\" data-validate=\"\" data-key=\"membership_type\" class=\"um-form-field valid um-s1\" style=\"width: 100%\" data-placeholder=\"\"   aria-invalid=\"false\" ><option value=\"\"><\/option><option value=\"Recreantlid\" >Recreational member<\/option><option value=\"Competitielid\" >Competitive member<\/option><\/select><\/div><\/div><\/div><\/div>\t<input type=\"hidden\" name=\"form_id\" id=\"form_id_73\" value=\"73\" \/>\n\t\t<p class=\"um_request_name\">\n\t\t<label for=\"um_request_73\">Only fill in if you are not human<\/label>\n\t\t<input type=\"hidden\" name=\"um_request\" id=\"um_request_73\" class=\"input\" value=\"\" size=\"25\" autocomplete=\"off\" \/>\n\t<\/p>\n\t<input type=\"hidden\" id=\"_wpnonce\" name=\"_wpnonce\" value=\"147616d6e1\" \/><input type=\"hidden\" name=\"_wp_http_referer\" value=\"\/en\/wp-json\/wp\/v2\/pages\/243\" \/>\n<div class=\"g-recaptcha\" id=\"um-73\" data-mode=\"register\"><\/div>\n\n\n\t<div class=\"um-col-alt\">\n\n\t\t\n\t\t\t<div class=\"um-center\">\n\t\t\t\t<input type=\"submit\" value=\"Register\" class=\"um-button\" id=\"um-submit-btn\" \/>\n\t\t\t<\/div>\n\n\t\t\n\t\t<div class=\"um-clear\"><\/div>\n\n\t<\/div>\n\n\t\t\t<input type=\"hidden\" name=\"trp-form-language\" value=\"en\"\/><\/form>\n\t<\/div>\n<\/div>\n<style>\n\t\t\t.um-73.um {\n\t\t\tmax-width: 450px;\n\t\t}\n\t\t<\/style>","protected":false},"excerpt":{"rendered":"","protected":false},"author":1,"featured_media":0,"parent":0,"menu_order":0,"comment_status":"closed","ping_status":"closed","template":"","meta":{"kt_blocks_editor_width":"","footnotes":""},"yoast_head":"<!-- This site is optimized with the Yoast SEO plugin v18.0 - https:\/\/yoast.com\/wordpress\/plugins\/seo\/ -->\n<title>Registreren - SSV De Boosters<\/title>\n<meta name=\"robots\" content=\"index, follow, max-snippet:-1, max-image-preview:large, max-video-preview:-1\" \/>\n<link rel=\"canonical\" href=\"https:\/\/previous.deboosters.nl\/en\/register\/\" \/>\n<meta property=\"og:locale\" content=\"en_GB\" \/>\n<meta property=\"og:type\" content=\"article\" \/>\n<meta property=\"og:title\" content=\"Registreren - SSV De Boosters\" \/>\n<meta property=\"og:url\" content=\"https:\/\/previous.deboosters.nl\/en\/register\/\" \/>\n<meta property=\"og:site_name\" content=\"SSV De Boosters\" \/>\n<meta property=\"article:publisher\" content=\"https:\/\/www.facebook.com\/squashnijmegen\" \/>\n<meta property=\"article:modified_time\" content=\"2024-12-07T15:29:57+00:00\" \/>\n<meta name=\"twitter:card\" content=\"summary_large_image\" \/>\n<script type=\"application\/ld+json\" class=\"yoast-schema-graph\">{\"@context\":\"https:\/\/schema.org\",\"@graph\":[{\"@type\":\"Organization\",\"@id\":\"https:\/\/previous.deboosters.nl\/#organization\",\"name\":\"SSV De Boosters\",\"url\":\"https:\/\/previous.deboosters.nl\/\",\"sameAs\":[\"https:\/\/www.facebook.com\/squashnijmegen\"],\"logo\":{\"@type\":\"ImageObject\",\"@id\":\"https:\/\/previous.deboosters.nl\/#logo\",\"inLanguage\":\"en-GB\",\"url\":\"https:\/\/previous.deboosters.nl\/wp-content\/uploads\/2019\/07\/boosters_logo_128.png\",\"contentUrl\":\"https:\/\/previous.deboosters.nl\/wp-content\/uploads\/2019\/07\/boosters_logo_128.png\",\"width\":183,\"height\":128,\"caption\":\"SSV De Boosters\"},\"image\":{\"@id\":\"https:\/\/previous.deboosters.nl\/#logo\"}},{\"@type\":\"WebSite\",\"@id\":\"https:\/\/previous.deboosters.nl\/#website\",\"url\":\"https:\/\/previous.deboosters.nl\/\",\"name\":\"SSV De Boosters\",\"description\":\"\",\"publisher\":{\"@id\":\"https:\/\/previous.deboosters.nl\/#organization\"},\"potentialAction\":[{\"@type\":\"SearchAction\",\"target\":{\"@type\":\"EntryPoint\",\"urlTemplate\":\"https:\/\/previous.deboosters.nl\/?s={search_term_string}\"},\"query-input\":\"required name=search_term_string\"}],\"inLanguage\":\"en-GB\"},{\"@type\":\"WebPage\",\"@id\":\"https:\/\/previous.deboosters.nl\/register\/#webpage\",\"url\":\"https:\/\/previous.deboosters.nl\/register\/\",\"name\":\"Registreren - SSV De Boosters\",\"isPartOf\":{\"@id\":\"https:\/\/previous.deboosters.nl\/#website\"},\"datePublished\":\"2019-08-09T12:31:01+00:00\",\"dateModified\":\"2024-12-07T15:29:57+00:00\",\"breadcrumb\":{\"@id\":\"https:\/\/previous.deboosters.nl\/register\/#breadcrumb\"},\"inLanguage\":\"en-GB\",\"potentialAction\":[{\"@type\":\"ReadAction\",\"target\":[\"https:\/\/previous.deboosters.nl\/register\/\"]}]},{\"@type\":\"BreadcrumbList\",\"@id\":\"https:\/\/previous.deboosters.nl\/register\/#breadcrumb\",\"itemListElement\":[{\"@type\":\"ListItem\",\"position\":1,\"name\":\"Home\",\"item\":\"https:\/\/previous.deboosters.nl\/\"},{\"@type\":\"ListItem\",\"position\":2,\"name\":\"Registreren\"}]}]}<\/script>\n<!-- \/ Yoast SEO plugin. -->","yoast_head_json":{"title":"Registreren - SSV De Boosters","robots":{"index":"index","follow":"follow","max-snippet":"max-snippet:-1","max-image-preview":"max-image-preview:large","max-video-preview":"max-video-preview:-1"},"canonical":"https:\/\/previous.deboosters.nl\/en\/register\/","og_locale":"en_GB","og_type":"article","og_title":"Registreren - SSV De Boosters","og_url":"https:\/\/previous.deboosters.nl\/en\/register\/","og_site_name":"SSV De Boosters","article_publisher":"https:\/\/www.facebook.com\/squashnijmegen","article_modified_time":"2024-12-07T15:29:57+00:00","twitter_card":"summary_large_image","schema":{"@context":"https:\/\/schema.org","@graph":[{"@type":"Organization","@id":"https:\/\/previous.deboosters.nl\/#organization","name":"SSV De Boosters","url":"https:\/\/previous.deboosters.nl\/","sameAs":["https:\/\/www.facebook.com\/squashnijmegen"],"logo":{"@type":"ImageObject","@id":"https:\/\/previous.deboosters.nl\/#logo","inLanguage":"en-GB","url":"https:\/\/previous.deboosters.nl\/wp-content\/uploads\/2019\/07\/boosters_logo_128.png","contentUrl":"https:\/\/previous.deboosters.nl\/wp-content\/uploads\/2019\/07\/boosters_logo_128.png","width":183,"height":128,"caption":"SSV De Boosters"},"image":{"@id":"https:\/\/previous.deboosters.nl\/#logo"}},{"@type":"WebSite","@id":"https:\/\/previous.deboosters.nl\/#website","url":"https:\/\/previous.deboosters.nl\/","name":"SSV De Boosters","description":"","publisher":{"@id":"https:\/\/previous.deboosters.nl\/#organization"},"potentialAction":[{"@type":"SearchAction","target":{"@type":"EntryPoint","urlTemplate":"https:\/\/previous.deboosters.nl\/?s={search_term_string}"},"query-input":"required name=search_term_string"}],"inLanguage":"en-GB"},{"@type":"WebPage","@id":"https:\/\/previous.deboosters.nl\/register\/#webpage","url":"https:\/\/previous.deboosters.nl\/register\/","name":"Registreren - SSV De Boosters","isPartOf":{"@id":"https:\/\/previous.deboosters.nl\/#website"},"datePublished":"2019-08-09T12:31:01+00:00","dateModified":"2024-12-07T15:29:57+00:00","breadcrumb":{"@id":"https:\/\/previous.deboosters.nl\/register\/#breadcrumb"},"inLanguage":"en-GB","potentialAction":[{"@type":"ReadAction","target":["https:\/\/previous.deboosters.nl\/register\/"]}]},{"@type":"BreadcrumbList","@id":"https:\/\/previous.deboosters.nl\/register\/#breadcrumb","itemListElement":[{"@type":"ListItem","position":1,"name":"Home","item":"https:\/\/previous.deboosters.nl\/"},{"@type":"ListItem","position":2,"name":"Registreren"}]}]}},"_links":{"self":[{"href":"https:\/\/previous.deboosters.nl\/en\/wp-json\/wp\/v2\/pages\/243"}],"collection":[{"href":"https:\/\/previous.deboosters.nl\/en\/wp-json\/wp\/v2\/pages"}],"about":[{"href":"https:\/\/previous.deboosters.nl\/en\/wp-json\/wp\/v2\/types\/page"}],"author":[{"embeddable":true,"href":"https:\/\/previous.deboosters.nl\/en\/wp-json\/wp\/v2\/users\/1"}],"replies":[{"embeddable":true,"href":"https:\/\/previous.deboosters.nl\/en\/wp-json\/wp\/v2\/comments?post=243"}],"version-history":[{"count":1,"href":"https:\/\/previous.deboosters.nl\/en\/wp-json\/wp\/v2\/pages\/243\/revisions"}],"predecessor-version":[{"id":260,"href":"https:\/\/previous.deboosters.nl\/en\/wp-json\/wp\/v2\/pages\/243\/revisions\/260"}],"wp:attachment":[{"href":"https:\/\/previous.deboosters.nl\/en\/wp-json\/wp\/v2\/media?parent=243"}],"curies":[{"name":"wp","href":"https:\/\/api.w.org\/{rel}","templated":true}]}}